{"id":649,"date":"2024-03-24T17:47:33","date_gmt":"2024-03-24T16:47:33","guid":{"rendered":"https:\/\/eltecnologuia.com\/?page_id=649"},"modified":"2024-04-06T17:43:29","modified_gmt":"2024-04-06T15:43:29","slug":"about-me","status":"publish","type":"page","link":"https:\/\/eltecnologuia.com\/en\/about-me\/","title":{"rendered":"About me"},"content":{"rendered":"<h2 class=\"wp-block-heading has-text-align-center\" id=\"h-quiero-que-la-tecnologia-sea-para-todo-el-mundo\">I want technology to be for everyone<\/h2>\n\n\n\n<div class=\"wp-block-columns is-layout-flex wp-container-core-columns-is-layout-28f84493 wp-block-columns-is-layout-flex\">\n<div class=\"wp-block-column is-layout-flow wp-block-column-is-layout-flow\" style=\"flex-basis:100%\">\n<p>If you ask me, I will tell you that knowing, understanding and using technology is not an option today. It is a right and if you hurry me, almost an obligation. <strong>Can you imagine your life without a cell phone, a computer or a television?<\/strong> Surely not, that is why we have the responsibility to know that technology and expand that knowledge.<\/p>\n<\/div>\n<\/div>\n\n\n\n<div class=\"wp-block-columns is-layout-flex wp-container-core-columns-is-layout-28f84493 wp-block-columns-is-layout-flex\">\n<div class=\"wp-block-column is-vertically-aligned-center is-layout-flow wp-block-column-is-layout-flow\" style=\"flex-basis:50%\">\n<p>For my part I have <strong>more than 15 years dedicated to the sale and advice of all consumer technology so that those who know and those who don&#039;t<\/strong>. For those who want to know it and for those who are reluctant. For those who change their gadgets every year and for those who continue using the same television after 20 years. For all.<\/p>\n<\/div>\n\n\n\n<div class=\"wp-block-column is-layout-flow wp-block-column-is-layout-flow\" style=\"flex-basis:50%\">\n<figure class=\"wp-block-image aligncenter size-full is-resized\"><img fetchpriority=\"high\" decoding=\"async\" width=\"868\" height=\"893\" src=\"https:\/\/eltecnologuia.com\/wp-content\/uploads\/2024\/03\/photo_2024-03-24_17-36-18-1-e1711298775257.jpg\" alt=\"\" class=\"wp-image-654\" style=\"width:196px;height:auto\" srcset=\"https:\/\/eltecnologuia.com\/wp-content\/uploads\/2024\/03\/photo_2024-03-24_17-36-18-1-e1711298775257.jpg 868w, https:\/\/eltecnologuia.com\/wp-content\/uploads\/2024\/03\/photo_2024-03-24_17-36-18-1-e1711298775257-768x790.jpg 768w, https:\/\/eltecnologuia.com\/wp-content\/uploads\/2024\/03\/photo_2024-03-24_17-36-18-1-e1711298775257-408x420.jpg 408w, https:\/\/eltecnologuia.com\/wp-content\/uploads\/2024\/03\/photo_2024-03-24_17-36-18-1-e1711298775257-150x154.jpg 150w, https:\/\/eltecnologuia.com\/wp-content\/uploads\/2024\/03\/photo_2024-03-24_17-36-18-1-e1711298775257-300x309.jpg 300w, https:\/\/eltecnologuia.com\/wp-content\/uploads\/2024\/03\/photo_2024-03-24_17-36-18-1-e1711298775257-696x716.jpg 696w\" sizes=\"(max-width: 868px) 100vw, 868px\" \/><\/figure>\n<\/div>\n<\/div>\n\n\n\n<h2 class=\"wp-block-heading has-text-align-center\" id=\"h-siguiendo-la-ultima-tecnologia\">Following the latest technology<\/h2>\n\n\n\n<p>I think that since we are talking about technology, we should not stay with what is known and it is even a good idea to jump headlong into what is coming, which is no small thing. <strong>Every day new words appear like <em>artificial intelligence, prompt, language model<\/em> either <em>neural networks<\/em><\/strong>. Why not investigate all of this? It is the technology that awaits us in the next 10 years and it is going faster than anything that preceded us.<\/p>\n\n\n\n<div class=\"wp-block-columns is-layout-flex wp-container-core-columns-is-layout-28f84493 wp-block-columns-is-layout-flex\">\n<div class=\"wp-block-column is-layout-flow wp-block-column-is-layout-flow\" style=\"flex-basis:33.33%\">\n<figure class=\"wp-block-image size-full is-resized\"><img decoding=\"async\" width=\"450\" height=\"450\" src=\"https:\/\/eltecnologuia.com\/wp-content\/uploads\/2024\/03\/rabbit-r1-gif.gif\" alt=\"\" class=\"wp-image-785\" style=\"width:172px;height:auto\"\/><\/figure>\n<\/div>\n\n\n\n<div class=\"wp-block-column is-layout-flow wp-block-column-is-layout-flow\" style=\"flex-basis:66.66%\">\n<p><\/p>\n\n\n\n<p class=\"has-text-align-right\">From this website I want to get on the bandwagon of news, advances and changes that occur while I continue <strong>helping people learn about the technologies we already know<\/strong>. May you use them, explore them and experience them with my help.<\/p>\n<\/div>\n<\/div>\n\n\n\n<h3 class=\"wp-block-heading has-text-align-center\" id=\"h-espero-que-seamos-muchos-mas-los-que-naveguemos-en-esta-ola-de-camino-a-un-futuro-que-se-presenta-hoy\"><strong>I hope that there will be many more of us who navigate this wave on the way to a future that is presented today.<\/strong><\/h3>","protected":false},"excerpt":{"rendered":"<p>Quiero que la tecnolog\u00eda sea para todo el mundo Si me preguntas a m\u00ed, te dir\u00e9 que conocer, comprender y usar la tecnolog\u00eda no es una opci\u00f3n a d\u00eda de hoy. Es un derecho y si me apuras, casi una obligaci\u00f3n. \u00bfTe imaginas tu vida sin un m\u00f3vil, un ordenador o una televisi\u00f3n? Seguro que [&hellip;]<\/p>\n","protected":false},"author":2,"featured_media":0,"parent":0,"menu_order":0,"comment_status":"closed","ping_status":"closed","template":"","meta":{"_uag_custom_page_level_css":"","footnotes":""},"class_list":["post-649","page","type-page","status-publish","hentry"],"blocksy_meta":[],"featured_image_src":null,"yoast_head":"<!-- This site is optimized with the Yoast SEO Premium plugin v22.6 (Yoast SEO v27.5) - https:\/\/yoast.com\/product\/yoast-seo-premium-wordpress\/ -->\n<title>Sobre m\u00ed -<\/title>\n<meta name=\"robots\" content=\"index, follow, max-snippet:-1, max-image-preview:large, max-video-preview:-1\" \/>\n<link rel=\"canonical\" href=\"https:\/\/eltecnologuia.com\/en\/about-me\/\" \/>\n<meta property=\"og:locale\" content=\"en_US\" \/>\n<meta property=\"og:type\" content=\"article\" \/>\n<meta property=\"og:title\" content=\"Sobre m\u00ed\" \/>\n<meta property=\"og:description\" content=\"Quiero que la tecnolog\u00eda sea para todo el mundo Si me preguntas a m\u00ed, te dir\u00e9 que conocer, comprender y usar la tecnolog\u00eda no es una opci\u00f3n a d\u00eda de hoy. Es un derecho y si me apuras, casi una obligaci\u00f3n. \u00bfTe imaginas tu vida sin un m\u00f3vil, un ordenador o una televisi\u00f3n? Seguro que [&hellip;]\" \/>\n<meta property=\"og:url\" content=\"https:\/\/eltecnologuia.com\/en\/about-me\/\" \/>\n<meta property=\"article:modified_time\" content=\"2024-04-06T15:43:29+00:00\" \/>\n<meta property=\"og:image\" content=\"https:\/\/eltecnologuia.com\/wp-content\/uploads\/2024\/03\/photo_2024-03-24_17-36-18-1-e1711298775257.jpg\" \/>\n<meta name=\"twitter:card\" content=\"summary_large_image\" \/>\n<meta name=\"twitter:label1\" content=\"Est. reading time\" \/>\n\t<meta name=\"twitter:data1\" content=\"2 minutes\" \/>\n<script type=\"application\/ld+json\" class=\"yoast-schema-graph\">{\"@context\":\"https:\\\/\\\/schema.org\",\"@graph\":[{\"@type\":\"WebPage\",\"@id\":\"https:\\\/\\\/eltecnologuia.com\\\/sobre-mi\\\/\",\"url\":\"https:\\\/\\\/eltecnologuia.com\\\/sobre-mi\\\/\",\"name\":\"Sobre m\u00ed -\",\"isPartOf\":{\"@id\":\"https:\\\/\\\/eltecnologuia.com\\\/#website\"},\"primaryImageOfPage\":{\"@id\":\"https:\\\/\\\/eltecnologuia.com\\\/sobre-mi\\\/#primaryimage\"},\"image\":{\"@id\":\"https:\\\/\\\/eltecnologuia.com\\\/sobre-mi\\\/#primaryimage\"},\"thumbnailUrl\":\"https:\\\/\\\/eltecnologuia.com\\\/wp-content\\\/uploads\\\/2024\\\/03\\\/photo_2024-03-24_17-36-18-1-e1711298775257.jpg\",\"datePublished\":\"2024-03-24T16:47:33+00:00\",\"dateModified\":\"2024-04-06T15:43:29+00:00\",\"breadcrumb\":{\"@id\":\"https:\\\/\\\/eltecnologuia.com\\\/sobre-mi\\\/#breadcrumb\"},\"inLanguage\":\"en-US\",\"potentialAction\":[{\"@type\":\"ReadAction\",\"target\":[\"https:\\\/\\\/eltecnologuia.com\\\/sobre-mi\\\/\"]}]},{\"@type\":\"ImageObject\",\"inLanguage\":\"en-US\",\"@id\":\"https:\\\/\\\/eltecnologuia.com\\\/sobre-mi\\\/#primaryimage\",\"url\":\"https:\\\/\\\/eltecnologuia.com\\\/wp-content\\\/uploads\\\/2024\\\/03\\\/photo_2024-03-24_17-36-18-1-e1711298775257.jpg\",\"contentUrl\":\"https:\\\/\\\/eltecnologuia.com\\\/wp-content\\\/uploads\\\/2024\\\/03\\\/photo_2024-03-24_17-36-18-1-e1711298775257.jpg\"},{\"@type\":\"BreadcrumbList\",\"@id\":\"https:\\\/\\\/eltecnologuia.com\\\/sobre-mi\\\/#breadcrumb\",\"itemListElement\":[{\"@type\":\"ListItem\",\"position\":1,\"name\":\"Inicio\",\"item\":\"https:\\\/\\\/eltecnologuia.com\\\/\"},{\"@type\":\"ListItem\",\"position\":2,\"name\":\"Sobre m\u00ed\"}]},{\"@type\":\"WebSite\",\"@id\":\"https:\\\/\\\/eltecnologuia.com\\\/#website\",\"url\":\"https:\\\/\\\/eltecnologuia.com\\\/\",\"name\":\"ElTecnoloGu\u00eda\",\"description\":\"\",\"publisher\":{\"@id\":\"https:\\\/\\\/eltecnologuia.com\\\/#\\\/schema\\\/person\\\/0e49fd576ab9051014f24e2d590a8171\"},\"alternateName\":\"ElTecnoloGu\u00eda\",\"potentialAction\":[{\"@type\":\"SearchAction\",\"target\":{\"@type\":\"EntryPoint\",\"urlTemplate\":\"https:\\\/\\\/eltecnologuia.com\\\/?s={search_term_string}\"},\"query-input\":{\"@type\":\"PropertyValueSpecification\",\"valueRequired\":true,\"valueName\":\"search_term_string\"}}],\"inLanguage\":\"en-US\"},{\"@type\":[\"Person\",\"Organization\"],\"@id\":\"https:\\\/\\\/eltecnologuia.com\\\/#\\\/schema\\\/person\\\/0e49fd576ab9051014f24e2d590a8171\",\"name\":\"ElTecnoloGuia\",\"image\":{\"@type\":\"ImageObject\",\"inLanguage\":\"en-US\",\"@id\":\"https:\\\/\\\/eltecnologuia.com\\\/wp-content\\\/uploads\\\/2024\\\/04\\\/cropped-favicon-1-1.png\",\"url\":\"https:\\\/\\\/eltecnologuia.com\\\/wp-content\\\/uploads\\\/2024\\\/04\\\/cropped-favicon-1-1.png\",\"contentUrl\":\"https:\\\/\\\/eltecnologuia.com\\\/wp-content\\\/uploads\\\/2024\\\/04\\\/cropped-favicon-1-1.png\",\"width\":512,\"height\":512,\"caption\":\"ElTecnoloGuia\"},\"logo\":{\"@id\":\"https:\\\/\\\/eltecnologuia.com\\\/wp-content\\\/uploads\\\/2024\\\/04\\\/cropped-favicon-1-1.png\"}}]}<\/script>\n<!-- \/ Yoast SEO Premium plugin. -->","yoast_head_json":{"title":"About me -","robots":{"index":"index","follow":"follow","max-snippet":"max-snippet:-1","max-image-preview":"max-image-preview:large","max-video-preview":"max-video-preview:-1"},"canonical":"https:\/\/eltecnologuia.com\/en\/about-me\/","og_locale":"en_US","og_type":"article","og_title":"Sobre m\u00ed","og_description":"Quiero que la tecnolog\u00eda sea para todo el mundo Si me preguntas a m\u00ed, te dir\u00e9 que conocer, comprender y usar la tecnolog\u00eda no es una opci\u00f3n a d\u00eda de hoy. Es un derecho y si me apuras, casi una obligaci\u00f3n. \u00bfTe imaginas tu vida sin un m\u00f3vil, un ordenador o una televisi\u00f3n? Seguro que [&hellip;]","og_url":"https:\/\/eltecnologuia.com\/en\/about-me\/","article_modified_time":"2024-04-06T15:43:29+00:00","og_image":[{"url":"https:\/\/eltecnologuia.com\/wp-content\/uploads\/2024\/03\/photo_2024-03-24_17-36-18-1-e1711298775257.jpg","type":"","width":"","height":""}],"twitter_card":"summary_large_image","twitter_misc":{"Est. reading time":"2 minutes"},"schema":{"@context":"https:\/\/schema.org","@graph":[{"@type":"WebPage","@id":"https:\/\/eltecnologuia.com\/sobre-mi\/","url":"https:\/\/eltecnologuia.com\/sobre-mi\/","name":"About me -","isPartOf":{"@id":"https:\/\/eltecnologuia.com\/#website"},"primaryImageOfPage":{"@id":"https:\/\/eltecnologuia.com\/sobre-mi\/#primaryimage"},"image":{"@id":"https:\/\/eltecnologuia.com\/sobre-mi\/#primaryimage"},"thumbnailUrl":"https:\/\/eltecnologuia.com\/wp-content\/uploads\/2024\/03\/photo_2024-03-24_17-36-18-1-e1711298775257.jpg","datePublished":"2024-03-24T16:47:33+00:00","dateModified":"2024-04-06T15:43:29+00:00","breadcrumb":{"@id":"https:\/\/eltecnologuia.com\/sobre-mi\/#breadcrumb"},"inLanguage":"en-US","potentialAction":[{"@type":"ReadAction","target":["https:\/\/eltecnologuia.com\/sobre-mi\/"]}]},{"@type":"ImageObject","inLanguage":"en-US","@id":"https:\/\/eltecnologuia.com\/sobre-mi\/#primaryimage","url":"https:\/\/eltecnologuia.com\/wp-content\/uploads\/2024\/03\/photo_2024-03-24_17-36-18-1-e1711298775257.jpg","contentUrl":"https:\/\/eltecnologuia.com\/wp-content\/uploads\/2024\/03\/photo_2024-03-24_17-36-18-1-e1711298775257.jpg"},{"@type":"BreadcrumbList","@id":"https:\/\/eltecnologuia.com\/sobre-mi\/#breadcrumb","itemListElement":[{"@type":"ListItem","position":1,"name":"Inicio","item":"https:\/\/eltecnologuia.com\/"},{"@type":"ListItem","position":2,"name":"Sobre m\u00ed"}]},{"@type":"WebSite","@id":"https:\/\/eltecnologuia.com\/#website","url":"https:\/\/eltecnologuia.com\/","name":"ElTecnoloGu\u00eda","description":"","publisher":{"@id":"https:\/\/eltecnologuia.com\/#\/schema\/person\/0e49fd576ab9051014f24e2d590a8171"},"alternateName":"ElTecnoloGu\u00eda","potentialAction":[{"@type":"SearchAction","target":{"@type":"EntryPoint","urlTemplate":"https:\/\/eltecnologuia.com\/?s={search_term_string}"},"query-input":{"@type":"PropertyValueSpecification","valueRequired":true,"valueName":"search_term_string"}}],"inLanguage":"en-US"},{"@type":["Person","Organization"],"@id":"https:\/\/eltecnologuia.com\/#\/schema\/person\/0e49fd576ab9051014f24e2d590a8171","name":"ElTecnoloGuia","image":{"@type":"ImageObject","inLanguage":"en-US","@id":"https:\/\/eltecnologuia.com\/wp-content\/uploads\/2024\/04\/cropped-favicon-1-1.png","url":"https:\/\/eltecnologuia.com\/wp-content\/uploads\/2024\/04\/cropped-favicon-1-1.png","contentUrl":"https:\/\/eltecnologuia.com\/wp-content\/uploads\/2024\/04\/cropped-favicon-1-1.png","width":512,"height":512,"caption":"ElTecnoloGuia"},"logo":{"@id":"https:\/\/eltecnologuia.com\/wp-content\/uploads\/2024\/04\/cropped-favicon-1-1.png"}}]}},"uagb_featured_image_src":{"full":false,"thumbnail":false,"medium":false,"medium_large":false,"large":false,"1536x1536":false,"2048x2048":false,"trp-custom-language-flag":false},"uagb_author_info":{"display_name":"ElTecnoloGuia","author_link":"https:\/\/eltecnologuia.com\/en\/author\/tecnologuia\/"},"uagb_comment_info":0,"uagb_excerpt":"Quiero que la tecnolog\u00eda sea para todo el mundo Si me preguntas a m\u00ed, te dir\u00e9 que conocer, comprender y usar la tecnolog\u00eda no es una opci\u00f3n a d\u00eda de hoy. Es un derecho y si me apuras, casi una obligaci\u00f3n. \u00bfTe imaginas tu vida sin un m\u00f3vil, un ordenador o una televisi\u00f3n? Seguro que&hellip;","_links":{"self":[{"href":"https:\/\/eltecnologuia.com\/en\/wp-json\/wp\/v2\/pages\/649","targetHints":{"allow":["GET"]}}],"collection":[{"href":"https:\/\/eltecnologuia.com\/en\/wp-json\/wp\/v2\/pages"}],"about":[{"href":"https:\/\/eltecnologuia.com\/en\/wp-json\/wp\/v2\/types\/page"}],"author":[{"embeddable":true,"href":"https:\/\/eltecnologuia.com\/en\/wp-json\/wp\/v2\/users\/2"}],"replies":[{"embeddable":true,"href":"https:\/\/eltecnologuia.com\/en\/wp-json\/wp\/v2\/comments?post=649"}],"version-history":[{"count":6,"href":"https:\/\/eltecnologuia.com\/en\/wp-json\/wp\/v2\/pages\/649\/revisions"}],"predecessor-version":[{"id":861,"href":"https:\/\/eltecnologuia.com\/en\/wp-json\/wp\/v2\/pages\/649\/revisions\/861"}],"wp:attachment":[{"href":"https:\/\/eltecnologuia.com\/en\/wp-json\/wp\/v2\/media?parent=649"}],"curies":[{"name":"wp","href":"https:\/\/api.w.org\/{rel}","templated":true}]}}