{"id":863,"date":"2024-04-06T17:54:12","date_gmt":"2024-04-06T15:54:12","guid":{"rendered":"https:\/\/eltecnologuia.com\/?page_id=863"},"modified":"2024-04-06T17:55:00","modified_gmt":"2024-04-06T15:55:00","slug":"legal","status":"publish","type":"page","link":"https:\/\/eltecnologuia.com\/en\/legal\/","title":{"rendered":"Legal warning"},"content":{"rendered":"<h2 class=\"wp-block-heading\" id=\"h-aviso-legal-y-condiciones-generales-de-uso\">LEGAL NOTICE AND GENERAL CONDITIONS OF USE<\/h2>\n\n\n\n<h4 class=\"wp-block-heading\" id=\"h-https-eltecnologuia-com\">https:\/\/eltecnologuia.com<\/h4>\n\n\n\n<h3 class=\"wp-block-heading\" id=\"h-i-informacion-general\">I. GENERAL INFORMATION<\/h3>\n\n\n\n<p>In compliance with the duty of information provided in Law 34\/2002 on Information Society Services and Electronic Commerce (LSSI-CE) of July 11, the following general information data on this website is provided below. :<\/p>\n\n\n\n<p>The ownership of this website, https:\/\/eltecnologuia.com, (hereinafter, Website) is held by: Guillermo PL, with NIF: , and whose contact will be via email:<\/p>\n\n\n\n<p>Contact email: contacto@eltecnologuia.com<\/p>\n\n\n\n<h3 class=\"wp-block-heading\" id=\"h-ii-terminos-y-condiciones-generales-de-uso\">II. GENERAL TERMS AND CONDITIONS OF USE<\/h3>\n\n\n\n<h4 class=\"wp-block-heading\" id=\"h-el-objeto-de-las-condiciones-el-sitio-web\">The object of the conditions: The Website<\/h4>\n\n\n\n<p>The purpose of these General Conditions of Use (hereinafter, Conditions) is to regulate access and use of the Website. For the purposes of these Conditions, the Website will be understood as: the external appearance of the screen interfaces, both statically and dynamically, that is, the navigation tree; and all the elements integrated in both the screen interfaces and the navigation tree (hereinafter, Contents) and all those online services or resources that it offers to Users (hereinafter, Services).<\/p>\n\n\n\n<p>TecnoloGu\u00eda reserves the right to modify, at any time, and without prior notice, the presentation and configuration of the Website and the Contents and Services that may be incorporated therein. The User acknowledges and accepts that at any time El TecnoloGu\u00eda may interrupt, deactivate and\/or cancel any of these elements that are integrated into the Website or access to them.<\/p>\n\n\n\n<p>Access to the Website by the User is free and, as a general rule, is free without the User having to provide any compensation to be able to enjoy it, except in relation to the cost of connection through the telecommunications network provided. by the access provider that the User has contracted.<\/p>\n\n\n\n<p>The use of any of the Content or Services of the Website may be done through the User&#039;s prior subscription or registration.<\/p>\n\n\n\n<h4 class=\"wp-block-heading\" id=\"h-el-usuario\">The user<\/h4>\n\n\n\n<p>Access, navigation and use of the Website, as well as the spaces enabled to interact between Users, and the User and El TecnoloGu\u00eda, such as comments and\/or blogging spaces, confers the status of User, for which They accept, from the moment they begin browsing the Website, all the Conditions established here, as well as their subsequent modifications, without prejudice to the application of the corresponding mandatory legal regulations as the case may be. Given the relevance of the above, the User is recommended to read them every time they visit the Website.<\/p>\n\n\n\n<p>The El TecnoloGu\u00eda Website provides a wide variety of information, services and data. The User assumes responsibility for correct use of the Website. This responsibility will extend to:<\/p>\n\n\n\n<ul class=\"wp-block-list\">\n<li>A use of the information, Content and\/or Services and data offered by El TecnoloGu\u00eda without it being contrary to the provisions of these Conditions, the Law, morality or public order, or that in any other way may involve injury to the rights of third parties or the operation of the Website itself.<\/li>\n\n\n\n<li>The veracity and legality of the information provided by the User in the forms issued by El TecnoloGu\u00eda for access to certain Content or Services offered by the Website. In any case, the User will immediately notify El TecnoloGu\u00eda about any fact that allows the improper use of the information registered in said forms, such as, but not only, theft, loss, or unauthorized access to identifiers and \/or passwords, in order to proceed to their immediate cancellation.<\/li>\n<\/ul>\n\n\n\n<p>In any case, El TecnoloGu\u00eda will not be responsible for the opinions expressed by Users through comments or other blogging or participation tools that may exist.<\/p>\n\n\n\n<p>Mere access to this Website does not imply establishing any type of commercial relationship between El TecnoloGu\u00eda and the User.<\/p>\n\n\n\n<p>Always in compliance with current legislation, this El TecnoloGu\u00eda Website is aimed at all people, regardless of age, who can access and\/or navigate the pages of the Website.<\/p>\n\n\n\n<h3 class=\"wp-block-heading\" id=\"h-iii-acceso-y-navegacion-en-el-sitio-web-exclusion-de-garantias-y-responsabilidad\">III. ACCESS AND NAVIGATION ON THE WEBSITE: EXCLUSION OF WARRANTIES AND LIABILITY<\/h3>\n\n\n\n<p>The TecnoloGu\u00eda does not guarantee the continuity, availability and usefulness of the Website, nor the Contents or Services. The TecnoloGu\u00eda will do everything possible for the proper functioning of the Website, however, it is not responsible or guarantees that access to this Website will not be uninterrupted or that it will be error-free.<\/p>\n\n\n\n<p>Nor is it responsible or guaranteed that the content or software that can be accessed through this Website is free of error or causes damage to the User&#039;s computer system (software and hardware). In no case will El TecnoloGu\u00eda be responsible for losses, damages or losses of any kind arising from access, navigation and use of the Website, including, but not limited to, those caused to computer systems or those caused by the introduction of viruses.<\/p>\n\n\n\n<p>TecnoloGu\u00eda is also not responsible for any damage that may be caused to users due to improper use of this Website. In particular, it is not responsible in any way for any telecommunications drops, interruptions, lack or defect that may occur.<\/p>\n\n\n\n<h3 class=\"wp-block-heading\" id=\"h-iv-politica-de-enlaces\">IV. LINK POLICY<\/h3>\n\n\n\n<p>It is reported that the El TecnoloGu\u00eda Website makes or may make available to Users link means (such as, among others, links, banners, buttons), directories and search engines that allow Users to access websites belonging to and \/or managed by third parties.<\/p>\n\n\n\n<p>The installation of these links, directories and search engines on the Website is intended to facilitate Users&#039; search for and access to the information available on the Internet, without it being considered a suggestion, recommendation or invitation to visit them. .<\/p>\n\n\n\n<p>El TecnoloGu\u00eda does not offer or market, by itself or through third parties, the products and\/or services available on said linked sites.<\/p>\n\n\n\n<p>El TecnoloGu\u00eda offers sponsored content, advertisements and\/or affiliate links. The information that appears in these affiliate links or the inserted advertisements is provided by the advertisers themselves, so El TecnoloGu\u00eda is not responsible for possible inaccuracies or errors that the advertisements may contain, nor does it guarantee in any way the experience, integrity or responsibility of advertisers or the quality of their products and\/or services.<\/p>\n\n\n\n<p>Likewise, it will not guarantee the technical availability, accuracy, veracity, validity or legality of sites other than its property that can be accessed through the links.<\/p>\n\n\n\n<p>Under no circumstances will TecnoloGu\u00eda review or control the content of other websites, nor does it approve, examine or endorse the products and services, content, files and any other material existing on the aforementioned linked sites.<\/p>\n\n\n\n<p>El TecnoloGu\u00eda does not assume any responsibility for any damages that may occur due to the access, use, quality or legality of the contents, communications, opinions, products and services of websites not managed by El TecnoloGu\u00eda and that are linked on this Site. Web.<\/p>\n\n\n\n<p>The User or third party who makes a hyperlink from a web page of another, different, website to the El TecnoloGu\u00eda Website must know that:<\/p>\n\n\n\n<p>Reproduction \u2013 in whole or in part \u2013 of any of the Contents and\/or Services of the Website is not permitted without express authorization from El TecnoloGu\u00eda.<\/p>\n\n\n\n<p>Nor is any false, inaccurate or incorrect statement permitted on the El TecnoloGu\u00eda Website, nor on its Contents and\/or Services.<\/p>\n\n\n\n<p>With the exception of the hyperlink, the website on which said hyperlink is established will not contain any element of this Website, protected as intellectual property by the Spanish legal system, unless expressly authorized by El TecnoloGu\u00eda.<\/p>\n\n\n\n<p>The establishment of the hyperlink will not imply the existence of relations between El TecnoloGu\u00eda and the owner of the website from which it is made, nor the knowledge and acceptance of El TecnoloGu\u00eda of the contents, services and\/or activities offered on said website, and vice versa. .<\/p>\n\n\n\n<h3 class=\"wp-block-heading\" id=\"h-v-propiedad-intelectual-e-industrial\">V. INTELLECTUAL AND INDUSTRIAL PROPERTY<\/h3>\n\n\n\n<p>TecnoloGu\u00eda, by itself or as an assignee, is the owner of all intellectual and industrial property rights of the Website, as well as the elements contained therein (by way of example and not exhaustive, images, sound, audio, video, software or texts, brands or logos, color combinations, structure and design, selection of materials used, computer programs necessary for its operation, access and use, etc.). They will, therefore, be works protected as intellectual property by the Spanish legal system, with both Spanish and Community regulations in this field, as well as international treaties related to the matter and signed by Spain, being applicable to them.<\/p>\n\n\n\n<p>All rights reserved. By virtue of the provisions of the Intellectual Property Law, the reproduction, distribution and public communication, including the method of making available, of all or part of the contents of this website, for commercial purposes, are expressly prohibited. on any medium and by any technical means, without the authorization of El TecnoloGu\u00eda.<\/p>\n\n\n\n<p>The User agrees to respect the intellectual and industrial property rights of El TecnoloGu\u00eda. You may view the elements of the Website or even print, copy and store them on the hard drive of your computer or on any other physical medium as long as it is exclusively for your personal use. The User, however, may not delete, alter, or manipulate any protection device or security system that was installed on the Website.<\/p>\n\n\n\n<p>In the event that the User or third party considers that any of the Contents of the Website constitutes a violation of the intellectual property protection rights, they must immediately notify El TecnoloGu\u00eda through the contact information in the GENERAL INFORMATION section of this Legal Notice and General Conditions of Use.<\/p>\n\n\n\n<h3 class=\"wp-block-heading\" id=\"h-vi-acciones-legales-legislacion-aplicable-y-jurisdiccion\">SAW. LEGAL ACTIONS, APPLICABLE LAW AND JURISDICTION<\/h3>\n\n\n\n<p>TecnoloGu\u00eda reserves the right to file civil or criminal actions that it deems necessary for improper use of the Website and Contents, or for non-compliance with these Conditions.<\/p>\n\n\n\n<p>The relationship between the User and El TecnoloGu\u00eda will be governed by the regulations in force and applicable in Spanish territory. If any controversy arises in relation to the interpretation and\/or application of these Conditions, the parties will submit their conflicts to ordinary jurisdiction, submitting to the corresponding judges and courts in accordance with law.<\/p>\n\n\n\n<p>This Legal Notice and General Conditions of use of the website document has been created using the generator&nbsp;<a href=\"https:\/\/legales.zimrre.com\/\">legal notice and conditions of use template<\/a>&nbsp;online on 07\/16\/2021.<\/p>","protected":false},"excerpt":{"rendered":"<p>AVISO LEGAL Y CONDICIONES GENERALES DE USO https:\/\/eltecnologuia.com I. INFORMACI\u00d3N GENERAL En cumplimiento con el deber de informaci\u00f3n dispuesto en la Ley 34\/2002 de Servicios de la Sociedad de la Informaci\u00f3n y el Comercio Electr\u00f3nico (LSSI-CE) de 11 de julio, se facilitan a continuaci\u00f3n los siguientes datos de informaci\u00f3n general de este sitio web: La [&hellip;]<\/p>\n","protected":false},"author":2,"featured_media":0,"parent":0,"menu_order":0,"comment_status":"closed","ping_status":"closed","template":"","meta":{"_uag_custom_page_level_css":"","footnotes":""},"class_list":["post-863","page","type-page","status-publish","hentry"],"blocksy_meta":[],"featured_image_src":null,"yoast_head":"<!-- This site is optimized with the Yoast SEO Premium plugin v22.6 (Yoast SEO v27.4) - https:\/\/yoast.com\/product\/yoast-seo-premium-wordpress\/ -->\n<title>Aviso Legal -<\/title>\n<meta name=\"robots\" content=\"index, nofollow, max-snippet:-1, max-image-preview:large, max-video-preview:-1\" \/>\n<link rel=\"canonical\" href=\"https:\/\/eltecnologuia.com\/en\/legal\/\" \/>\n<meta property=\"og:locale\" content=\"en_US\" \/>\n<meta property=\"og:type\" content=\"article\" \/>\n<meta property=\"og:title\" content=\"Aviso Legal\" \/>\n<meta property=\"og:description\" content=\"AVISO LEGAL Y CONDICIONES GENERALES DE USO https:\/\/eltecnologuia.com I. INFORMACI\u00d3N GENERAL En cumplimiento con el deber de informaci\u00f3n dispuesto en la Ley 34\/2002 de Servicios de la Sociedad de la Informaci\u00f3n y el Comercio Electr\u00f3nico (LSSI-CE) de 11 de julio, se facilitan a continuaci\u00f3n los siguientes datos de informaci\u00f3n general de este sitio web: La [&hellip;]\" \/>\n<meta property=\"og:url\" content=\"https:\/\/eltecnologuia.com\/en\/legal\/\" \/>\n<meta property=\"article:modified_time\" content=\"2024-04-06T15:55:00+00:00\" \/>\n<meta property=\"og:image\" content=\"https:\/\/eltecnologuia.com\/wp-content\/uploads\/2024\/04\/Logo-minimal.png\" \/>\n\t<meta property=\"og:image:width\" content=\"2000\" \/>\n\t<meta property=\"og:image:height\" content=\"600\" \/>\n\t<meta property=\"og:image:type\" content=\"image\/png\" \/>\n<meta name=\"twitter:card\" content=\"summary_large_image\" \/>\n<meta name=\"twitter:label1\" content=\"Est. reading time\" \/>\n\t<meta name=\"twitter:data1\" content=\"9 minutes\" \/>\n<script type=\"application\/ld+json\" class=\"yoast-schema-graph\">{\"@context\":\"https:\\\/\\\/schema.org\",\"@graph\":[{\"@type\":\"WebPage\",\"@id\":\"https:\\\/\\\/eltecnologuia.com\\\/aviso-legal\\\/\",\"url\":\"https:\\\/\\\/eltecnologuia.com\\\/aviso-legal\\\/\",\"name\":\"Aviso Legal -\",\"isPartOf\":{\"@id\":\"https:\\\/\\\/eltecnologuia.com\\\/#website\"},\"datePublished\":\"2024-04-06T15:54:12+00:00\",\"dateModified\":\"2024-04-06T15:55:00+00:00\",\"breadcrumb\":{\"@id\":\"https:\\\/\\\/eltecnologuia.com\\\/aviso-legal\\\/#breadcrumb\"},\"inLanguage\":\"en-US\",\"potentialAction\":[{\"@type\":\"ReadAction\",\"target\":[\"https:\\\/\\\/eltecnologuia.com\\\/aviso-legal\\\/\"]}]},{\"@type\":\"BreadcrumbList\",\"@id\":\"https:\\\/\\\/eltecnologuia.com\\\/aviso-legal\\\/#breadcrumb\",\"itemListElement\":[{\"@type\":\"ListItem\",\"position\":1,\"name\":\"Inicio\",\"item\":\"https:\\\/\\\/eltecnologuia.com\\\/\"},{\"@type\":\"ListItem\",\"position\":2,\"name\":\"Aviso Legal\"}]},{\"@type\":\"WebSite\",\"@id\":\"https:\\\/\\\/eltecnologuia.com\\\/#website\",\"url\":\"https:\\\/\\\/eltecnologuia.com\\\/\",\"name\":\"ElTecnoloGu\u00eda\",\"description\":\"\",\"publisher\":{\"@id\":\"https:\\\/\\\/eltecnologuia.com\\\/#\\\/schema\\\/person\\\/0e49fd576ab9051014f24e2d590a8171\"},\"alternateName\":\"ElTecnoloGu\u00eda\",\"potentialAction\":[{\"@type\":\"SearchAction\",\"target\":{\"@type\":\"EntryPoint\",\"urlTemplate\":\"https:\\\/\\\/eltecnologuia.com\\\/?s={search_term_string}\"},\"query-input\":{\"@type\":\"PropertyValueSpecification\",\"valueRequired\":true,\"valueName\":\"search_term_string\"}}],\"inLanguage\":\"en-US\"},{\"@type\":[\"Person\",\"Organization\"],\"@id\":\"https:\\\/\\\/eltecnologuia.com\\\/#\\\/schema\\\/person\\\/0e49fd576ab9051014f24e2d590a8171\",\"name\":\"ElTecnoloGuia\",\"image\":{\"@type\":\"ImageObject\",\"inLanguage\":\"en-US\",\"@id\":\"https:\\\/\\\/eltecnologuia.com\\\/wp-content\\\/uploads\\\/2024\\\/04\\\/cropped-favicon-1-1.png\",\"url\":\"https:\\\/\\\/eltecnologuia.com\\\/wp-content\\\/uploads\\\/2024\\\/04\\\/cropped-favicon-1-1.png\",\"contentUrl\":\"https:\\\/\\\/eltecnologuia.com\\\/wp-content\\\/uploads\\\/2024\\\/04\\\/cropped-favicon-1-1.png\",\"width\":512,\"height\":512,\"caption\":\"ElTecnoloGuia\"},\"logo\":{\"@id\":\"https:\\\/\\\/eltecnologuia.com\\\/wp-content\\\/uploads\\\/2024\\\/04\\\/cropped-favicon-1-1.png\"}}]}<\/script>\n<!-- \/ Yoast SEO Premium plugin. -->","yoast_head_json":{"title":"Legal Notice -","robots":{"index":"index","follow":"nofollow","max-snippet":"max-snippet:-1","max-image-preview":"max-image-preview:large","max-video-preview":"max-video-preview:-1"},"canonical":"https:\/\/eltecnologuia.com\/en\/legal\/","og_locale":"en_US","og_type":"article","og_title":"Aviso Legal","og_description":"AVISO LEGAL Y CONDICIONES GENERALES DE USO https:\/\/eltecnologuia.com I. INFORMACI\u00d3N GENERAL En cumplimiento con el deber de informaci\u00f3n dispuesto en la Ley 34\/2002 de Servicios de la Sociedad de la Informaci\u00f3n y el Comercio Electr\u00f3nico (LSSI-CE) de 11 de julio, se facilitan a continuaci\u00f3n los siguientes datos de informaci\u00f3n general de este sitio web: La [&hellip;]","og_url":"https:\/\/eltecnologuia.com\/en\/legal\/","article_modified_time":"2024-04-06T15:55:00+00:00","og_image":[{"width":2000,"height":600,"url":"https:\/\/eltecnologuia.com\/wp-content\/uploads\/2024\/04\/Logo-minimal.png","type":"image\/png"}],"twitter_card":"summary_large_image","twitter_misc":{"Est. reading time":"9 minutes"},"schema":{"@context":"https:\/\/schema.org","@graph":[{"@type":"WebPage","@id":"https:\/\/eltecnologuia.com\/aviso-legal\/","url":"https:\/\/eltecnologuia.com\/aviso-legal\/","name":"Legal Notice -","isPartOf":{"@id":"https:\/\/eltecnologuia.com\/#website"},"datePublished":"2024-04-06T15:54:12+00:00","dateModified":"2024-04-06T15:55:00+00:00","breadcrumb":{"@id":"https:\/\/eltecnologuia.com\/aviso-legal\/#breadcrumb"},"inLanguage":"en-US","potentialAction":[{"@type":"ReadAction","target":["https:\/\/eltecnologuia.com\/aviso-legal\/"]}]},{"@type":"BreadcrumbList","@id":"https:\/\/eltecnologuia.com\/aviso-legal\/#breadcrumb","itemListElement":[{"@type":"ListItem","position":1,"name":"Inicio","item":"https:\/\/eltecnologuia.com\/"},{"@type":"ListItem","position":2,"name":"Aviso Legal"}]},{"@type":"WebSite","@id":"https:\/\/eltecnologuia.com\/#website","url":"https:\/\/eltecnologuia.com\/","name":"ElTecnoloGu\u00eda","description":"","publisher":{"@id":"https:\/\/eltecnologuia.com\/#\/schema\/person\/0e49fd576ab9051014f24e2d590a8171"},"alternateName":"ElTecnoloGu\u00eda","potentialAction":[{"@type":"SearchAction","target":{"@type":"EntryPoint","urlTemplate":"https:\/\/eltecnologuia.com\/?s={search_term_string}"},"query-input":{"@type":"PropertyValueSpecification","valueRequired":true,"valueName":"search_term_string"}}],"inLanguage":"en-US"},{"@type":["Person","Organization"],"@id":"https:\/\/eltecnologuia.com\/#\/schema\/person\/0e49fd576ab9051014f24e2d590a8171","name":"ElTecnoloGuia","image":{"@type":"ImageObject","inLanguage":"en-US","@id":"https:\/\/eltecnologuia.com\/wp-content\/uploads\/2024\/04\/cropped-favicon-1-1.png","url":"https:\/\/eltecnologuia.com\/wp-content\/uploads\/2024\/04\/cropped-favicon-1-1.png","contentUrl":"https:\/\/eltecnologuia.com\/wp-content\/uploads\/2024\/04\/cropped-favicon-1-1.png","width":512,"height":512,"caption":"ElTecnoloGuia"},"logo":{"@id":"https:\/\/eltecnologuia.com\/wp-content\/uploads\/2024\/04\/cropped-favicon-1-1.png"}}]}},"uagb_featured_image_src":{"full":false,"thumbnail":false,"medium":false,"medium_large":false,"large":false,"1536x1536":false,"2048x2048":false,"trp-custom-language-flag":false},"uagb_author_info":{"display_name":"ElTecnoloGuia","author_link":"https:\/\/eltecnologuia.com\/en\/author\/tecnologuia\/"},"uagb_comment_info":0,"uagb_excerpt":"AVISO LEGAL Y CONDICIONES GENERALES DE USO https:\/\/eltecnologuia.com I. INFORMACI\u00d3N GENERAL En cumplimiento con el deber de informaci\u00f3n dispuesto en la Ley 34\/2002 de Servicios de la Sociedad de la Informaci\u00f3n y el Comercio Electr\u00f3nico (LSSI-CE) de 11 de julio, se facilitan a continuaci\u00f3n los siguientes datos de informaci\u00f3n general de este sitio web: La&hellip;","_links":{"self":[{"href":"https:\/\/eltecnologuia.com\/en\/wp-json\/wp\/v2\/pages\/863","targetHints":{"allow":["GET"]}}],"collection":[{"href":"https:\/\/eltecnologuia.com\/en\/wp-json\/wp\/v2\/pages"}],"about":[{"href":"https:\/\/eltecnologuia.com\/en\/wp-json\/wp\/v2\/types\/page"}],"author":[{"embeddable":true,"href":"https:\/\/eltecnologuia.com\/en\/wp-json\/wp\/v2\/users\/2"}],"replies":[{"embeddable":true,"href":"https:\/\/eltecnologuia.com\/en\/wp-json\/wp\/v2\/comments?post=863"}],"version-history":[{"count":1,"href":"https:\/\/eltecnologuia.com\/en\/wp-json\/wp\/v2\/pages\/863\/revisions"}],"predecessor-version":[{"id":865,"href":"https:\/\/eltecnologuia.com\/en\/wp-json\/wp\/v2\/pages\/863\/revisions\/865"}],"wp:attachment":[{"href":"https:\/\/eltecnologuia.com\/en\/wp-json\/wp\/v2\/media?parent=863"}],"curies":[{"name":"wp","href":"https:\/\/api.w.org\/{rel}","templated":true}]}}