{"id":982,"date":"2024-04-19T23:09:23","date_gmt":"2024-04-19T21:09:23","guid":{"rendered":"https:\/\/eltecnologuia.com\/?page_id=982"},"modified":"2024-04-19T23:09:26","modified_gmt":"2024-04-19T21:09:26","slug":"contact","status":"publish","type":"page","link":"https:\/\/eltecnologuia.com\/en\/contact\/","title":{"rendered":"Contact"},"content":{"rendered":"\n<div class=\"wp-block-uagb-container uagb-block-95b9bfba alignfull uagb-is-root-container\"><div class=\"uagb-container-inner-blocks-wrap\">\n<div class=\"wp-block-uagb-container uagb-block-827334fb\">\n<div class=\"wp-block-contact-form-7-contact-form-selector\">[contact-form-7 id=\u00bb8611d80&#8243; title=\u00bbFormulario de contacto 1&#8243;]<\/div>\n<\/div>\n\n\n\n<div class=\"wp-block-uagb-container uagb-block-a043e5dc\">\n<p>\u00bfTienes alguna duda? \u00bfQuieres preguntarme algo? \u00bfBuscas asesoramiento? \u00bfO simplemente quieres saludar?<\/p>\n\n\n\n<p><strong>Deja tu mensaje y me pondr\u00e9 en contacto contigo para resolver todo aquello que preguntes de la manera m\u00e1s r\u00e1pida posible<\/strong>.<\/p>\n\n\n\n<p>El TecnoloGu\u00eda responde.<\/p>\n<\/div>\n<\/div><\/div>\n","protected":false},"excerpt":{"rendered":"<p>Do you have any doubt? You want to ask me something? Are you looking for advice? Or do you just want to say hello? Leave your message and I will contact you to resolve everything you ask as quickly as possible. The TecnoloGu\u00eda responds.<\/p>","protected":false},"author":2,"featured_media":0,"parent":0,"menu_order":0,"comment_status":"closed","ping_status":"closed","template":"","meta":{"_uag_custom_page_level_css":"","footnotes":""},"class_list":["post-982","page","type-page","status-publish","hentry"],"blocksy_meta":[],"featured_image_src":null,"yoast_head":"<!-- This site is optimized with the Yoast SEO Premium plugin v22.6 (Yoast SEO v27.4) - https:\/\/yoast.com\/product\/yoast-seo-premium-wordpress\/ -->\n<title>Contacto -<\/title>\n<meta name=\"robots\" content=\"index, follow, max-snippet:-1, max-image-preview:large, max-video-preview:-1\" \/>\n<link rel=\"canonical\" href=\"https:\/\/eltecnologuia.com\/en\/contact\/\" \/>\n<meta property=\"og:locale\" content=\"en_US\" \/>\n<meta property=\"og:type\" content=\"article\" \/>\n<meta property=\"og:title\" content=\"Contacto\" \/>\n<meta property=\"og:description\" content=\"\u00bfTienes alguna duda? \u00bfQuieres preguntarme algo? \u00bfBuscas asesoramiento? \u00bfO simplemente quieres saludar? Deja tu mensaje y me pondr\u00e9 en contacto contigo para resolver todo aquello que preguntes de la manera m\u00e1s r\u00e1pida posible. El TecnoloGu\u00eda responde.\" \/>\n<meta property=\"og:url\" content=\"https:\/\/eltecnologuia.com\/en\/contact\/\" \/>\n<meta property=\"article:modified_time\" content=\"2024-04-19T21:09:26+00:00\" \/>\n<meta property=\"og:image\" content=\"https:\/\/eltecnologuia.com\/wp-content\/uploads\/2024\/04\/Logo-minimal.png\" \/>\n\t<meta property=\"og:image:width\" content=\"2000\" \/>\n\t<meta property=\"og:image:height\" content=\"600\" \/>\n\t<meta property=\"og:image:type\" content=\"image\/png\" \/>\n<meta name=\"twitter:card\" content=\"summary_large_image\" \/>\n<meta name=\"twitter:label1\" content=\"Est. reading time\" \/>\n\t<meta name=\"twitter:data1\" content=\"1 minute\" \/>\n<script type=\"application\/ld+json\" class=\"yoast-schema-graph\">{\"@context\":\"https:\\\/\\\/schema.org\",\"@graph\":[{\"@type\":\"WebPage\",\"@id\":\"https:\\\/\\\/eltecnologuia.com\\\/contacto\\\/\",\"url\":\"https:\\\/\\\/eltecnologuia.com\\\/contacto\\\/\",\"name\":\"Contacto -\",\"isPartOf\":{\"@id\":\"https:\\\/\\\/eltecnologuia.com\\\/#website\"},\"datePublished\":\"2024-04-19T21:09:23+00:00\",\"dateModified\":\"2024-04-19T21:09:26+00:00\",\"breadcrumb\":{\"@id\":\"https:\\\/\\\/eltecnologuia.com\\\/contacto\\\/#breadcrumb\"},\"inLanguage\":\"en-US\",\"potentialAction\":[{\"@type\":\"ReadAction\",\"target\":[\"https:\\\/\\\/eltecnologuia.com\\\/contacto\\\/\"]}]},{\"@type\":\"BreadcrumbList\",\"@id\":\"https:\\\/\\\/eltecnologuia.com\\\/contacto\\\/#breadcrumb\",\"itemListElement\":[{\"@type\":\"ListItem\",\"position\":1,\"name\":\"Inicio\",\"item\":\"https:\\\/\\\/eltecnologuia.com\\\/\"},{\"@type\":\"ListItem\",\"position\":2,\"name\":\"Contacto\"}]},{\"@type\":\"WebSite\",\"@id\":\"https:\\\/\\\/eltecnologuia.com\\\/#website\",\"url\":\"https:\\\/\\\/eltecnologuia.com\\\/\",\"name\":\"ElTecnoloGu\u00eda\",\"description\":\"\",\"publisher\":{\"@id\":\"https:\\\/\\\/eltecnologuia.com\\\/#\\\/schema\\\/person\\\/0e49fd576ab9051014f24e2d590a8171\"},\"alternateName\":\"ElTecnoloGu\u00eda\",\"potentialAction\":[{\"@type\":\"SearchAction\",\"target\":{\"@type\":\"EntryPoint\",\"urlTemplate\":\"https:\\\/\\\/eltecnologuia.com\\\/?s={search_term_string}\"},\"query-input\":{\"@type\":\"PropertyValueSpecification\",\"valueRequired\":true,\"valueName\":\"search_term_string\"}}],\"inLanguage\":\"en-US\"},{\"@type\":[\"Person\",\"Organization\"],\"@id\":\"https:\\\/\\\/eltecnologuia.com\\\/#\\\/schema\\\/person\\\/0e49fd576ab9051014f24e2d590a8171\",\"name\":\"ElTecnoloGuia\",\"image\":{\"@type\":\"ImageObject\",\"inLanguage\":\"en-US\",\"@id\":\"https:\\\/\\\/eltecnologuia.com\\\/wp-content\\\/uploads\\\/2024\\\/04\\\/cropped-favicon-1-1.png\",\"url\":\"https:\\\/\\\/eltecnologuia.com\\\/wp-content\\\/uploads\\\/2024\\\/04\\\/cropped-favicon-1-1.png\",\"contentUrl\":\"https:\\\/\\\/eltecnologuia.com\\\/wp-content\\\/uploads\\\/2024\\\/04\\\/cropped-favicon-1-1.png\",\"width\":512,\"height\":512,\"caption\":\"ElTecnoloGuia\"},\"logo\":{\"@id\":\"https:\\\/\\\/eltecnologuia.com\\\/wp-content\\\/uploads\\\/2024\\\/04\\\/cropped-favicon-1-1.png\"}}]}<\/script>\n<!-- \/ Yoast SEO Premium plugin. -->","yoast_head_json":{"title":"Contact -","robots":{"index":"index","follow":"follow","max-snippet":"max-snippet:-1","max-image-preview":"max-image-preview:large","max-video-preview":"max-video-preview:-1"},"canonical":"https:\/\/eltecnologuia.com\/en\/contact\/","og_locale":"en_US","og_type":"article","og_title":"Contacto","og_description":"\u00bfTienes alguna duda? \u00bfQuieres preguntarme algo? \u00bfBuscas asesoramiento? \u00bfO simplemente quieres saludar? Deja tu mensaje y me pondr\u00e9 en contacto contigo para resolver todo aquello que preguntes de la manera m\u00e1s r\u00e1pida posible. El TecnoloGu\u00eda responde.","og_url":"https:\/\/eltecnologuia.com\/en\/contact\/","article_modified_time":"2024-04-19T21:09:26+00:00","og_image":[{"width":2000,"height":600,"url":"https:\/\/eltecnologuia.com\/wp-content\/uploads\/2024\/04\/Logo-minimal.png","type":"image\/png"}],"twitter_card":"summary_large_image","twitter_misc":{"Est. reading time":"1 minute"},"schema":{"@context":"https:\/\/schema.org","@graph":[{"@type":"WebPage","@id":"https:\/\/eltecnologuia.com\/contacto\/","url":"https:\/\/eltecnologuia.com\/contacto\/","name":"Contact -","isPartOf":{"@id":"https:\/\/eltecnologuia.com\/#website"},"datePublished":"2024-04-19T21:09:23+00:00","dateModified":"2024-04-19T21:09:26+00:00","breadcrumb":{"@id":"https:\/\/eltecnologuia.com\/contacto\/#breadcrumb"},"inLanguage":"en-US","potentialAction":[{"@type":"ReadAction","target":["https:\/\/eltecnologuia.com\/contacto\/"]}]},{"@type":"BreadcrumbList","@id":"https:\/\/eltecnologuia.com\/contacto\/#breadcrumb","itemListElement":[{"@type":"ListItem","position":1,"name":"Inicio","item":"https:\/\/eltecnologuia.com\/"},{"@type":"ListItem","position":2,"name":"Contacto"}]},{"@type":"WebSite","@id":"https:\/\/eltecnologuia.com\/#website","url":"https:\/\/eltecnologuia.com\/","name":"ElTecnoloGu\u00eda","description":"","publisher":{"@id":"https:\/\/eltecnologuia.com\/#\/schema\/person\/0e49fd576ab9051014f24e2d590a8171"},"alternateName":"ElTecnoloGu\u00eda","potentialAction":[{"@type":"SearchAction","target":{"@type":"EntryPoint","urlTemplate":"https:\/\/eltecnologuia.com\/?s={search_term_string}"},"query-input":{"@type":"PropertyValueSpecification","valueRequired":true,"valueName":"search_term_string"}}],"inLanguage":"en-US"},{"@type":["Person","Organization"],"@id":"https:\/\/eltecnologuia.com\/#\/schema\/person\/0e49fd576ab9051014f24e2d590a8171","name":"ElTecnoloGuia","image":{"@type":"ImageObject","inLanguage":"en-US","@id":"https:\/\/eltecnologuia.com\/wp-content\/uploads\/2024\/04\/cropped-favicon-1-1.png","url":"https:\/\/eltecnologuia.com\/wp-content\/uploads\/2024\/04\/cropped-favicon-1-1.png","contentUrl":"https:\/\/eltecnologuia.com\/wp-content\/uploads\/2024\/04\/cropped-favicon-1-1.png","width":512,"height":512,"caption":"ElTecnoloGuia"},"logo":{"@id":"https:\/\/eltecnologuia.com\/wp-content\/uploads\/2024\/04\/cropped-favicon-1-1.png"}}]}},"uagb_featured_image_src":{"full":false,"thumbnail":false,"medium":false,"medium_large":false,"large":false,"1536x1536":false,"2048x2048":false,"trp-custom-language-flag":false},"uagb_author_info":{"display_name":"ElTecnoloGuia","author_link":"https:\/\/eltecnologuia.com\/en\/author\/tecnologuia\/"},"uagb_comment_info":0,"uagb_excerpt":"\u00bfTienes alguna duda? \u00bfQuieres preguntarme algo? \u00bfBuscas asesoramiento? \u00bfO simplemente quieres saludar? Deja tu mensaje y me pondr\u00e9 en contacto contigo para resolver todo aquello que preguntes de la manera m\u00e1s r\u00e1pida posible. El TecnoloGu\u00eda responde.","_links":{"self":[{"href":"https:\/\/eltecnologuia.com\/en\/wp-json\/wp\/v2\/pages\/982","targetHints":{"allow":["GET"]}}],"collection":[{"href":"https:\/\/eltecnologuia.com\/en\/wp-json\/wp\/v2\/pages"}],"about":[{"href":"https:\/\/eltecnologuia.com\/en\/wp-json\/wp\/v2\/types\/page"}],"author":[{"embeddable":true,"href":"https:\/\/eltecnologuia.com\/en\/wp-json\/wp\/v2\/users\/2"}],"replies":[{"embeddable":true,"href":"https:\/\/eltecnologuia.com\/en\/wp-json\/wp\/v2\/comments?post=982"}],"version-history":[{"count":3,"href":"https:\/\/eltecnologuia.com\/en\/wp-json\/wp\/v2\/pages\/982\/revisions"}],"predecessor-version":[{"id":986,"href":"https:\/\/eltecnologuia.com\/en\/wp-json\/wp\/v2\/pages\/982\/revisions\/986"}],"wp:attachment":[{"href":"https:\/\/eltecnologuia.com\/en\/wp-json\/wp\/v2\/media?parent=982"}],"curies":[{"name":"wp","href":"https:\/\/api.w.org\/{rel}","templated":true}]}}